{"id":2725,"date":"2016-11-24T12:52:47","date_gmt":"2016-11-24T11:52:47","guid":{"rendered":"https:\/\/www.chantovent.com\/en\/?page_id=2725"},"modified":"2017-09-22T08:50:53","modified_gmt":"2017-09-22T06:50:53","slug":"sitemap","status":"publish","type":"page","link":"https:\/\/www.chantovent.com\/en\/sitemap\/","title":{"rendered":"Sitemap"},"content":{"rendered":"<div class=\"plan-site\">\n<div class=\"bloc-1\">\n<ul class=\"menu-1\">\n<li><a href=\"https:\/\/www.chantovent.com\/en\/\">Presentation<\/a><\/li>\n<ul class=\"sous-menu-1\">\n<li><a href=\"https:\/\/www.chantovent.com\/en\/history\/\">History<\/a><\/li>\n<ul class=\"sous-menu-2\">\n<li><a href=\"https:\/\/www.chantovent.com\/en\/history\/cellars-minervois\/\">Map<\/a><\/li>\n<\/ul>\n<li><a href=\"https:\/\/www.chantovent.com\/en\/who-are-we\/\">Who are we?<\/a><\/li>\n<ul class=\"sous-menu-2\">\n<li><a href=\"https:\/\/www.chantovent.com\/en\/who-are-we\/chantovent\/\">Chantovent<\/a><\/li>\n<li><a href=\"https:\/\/www.chantovent.com\/en\/who-are-we\/the-group-jean-dalibert\/\">The Group Jean d&#8217;Alibert<\/a><\/li>\n<\/ul>\n<li><a href=\"https:\/\/www.chantovent.com\/en\/capacity\/\">Capacity<\/a><\/li>\n<ul class=\"sous-menu-2\">\n<li><a href=\"https:\/\/www.chantovent.com\/en\/capacity\/chantovent\/\">The site of Chantovent<\/a><\/li>\n<li><a href=\"https:\/\/www.chantovent.com\/en\/capacity\/the-celliers-jean-dalibert\/\">The site of Celliers Jean d&#8217;Alibert<\/a><\/li>\n<\/ul>\n<li><a href=\"https:\/\/www.chantovent.com\/en\/quality-assurance\/\">Quality Assurance<\/a><\/li>\n<\/ul>\n<li><a href=\"https:\/\/www.chantovent.com\/en\/brands-and-signatures\/\">Brands &#038; Signatures<\/a><\/li>\n<ul class=\"sous-menu-2\">\n<li><a href=\"https:\/\/www.chantovent.com\/en\/brands-and-signatures\/chantarel\/\">\u2022 Chantarel<\/a><\/li>\n<ul class=\"sous-menu-3\">\n<li><a href=\"https:\/\/www.chantovent.com\/en\/brands-and-signatures\/chantarel\/chantarel-sauvignon\/\">Chantarel Sauvignon<\/a><\/li>\n<li><a href=\"https:\/\/www.chantovent.com\/en\/brands-and-signatures\/chantarel\/chantarel-cabernet-sauvignon\/\">Chantarel Cabernet Sauvignon<\/a><\/li>\n<li><a href=\"https:\/\/www.chantovent.com\/en\/brands-and-signatures\/chantarel\/chantarel-merlot\/\">Chantarel Merlot<\/a><\/li>\n<li><a href=\"https:\/\/www.chantovent.com\/en\/brands-and-signatures\/chantarel\/chantarel-cinsault\/\">Chantarel Cinsault Ros\u00e9<\/a><\/li>\n<li><a href=\"https:\/\/www.chantovent.com\/en\/brands-and-signatures\/chantarel\/chantarel-chardonnay\/\">Chantarel Chardonnay<\/a><\/li>\n<\/ul>\n<li><a href=\"https:\/\/www.chantovent.com\/en\/brands-and-signatures\/les-contemporains\/\">\u2022 Les Contemporains<\/a><\/li>\n<ul class=\"sous-menu-3\">\n<li><a href=\"https:\/\/www.chantovent.com\/en\/brands-and-signatures\/les-contemporains\/cabernet-sauvignon\/\">Les Contemporains Cabernet Sauvignon<\/a><\/li>\n<li><a href=\"https:\/\/www.chantovent.com\/en\/brands-and-signatures\/les-contemporains\/chardonnay\/\">Les Contemporains Chardonnay<\/a><\/li>\n<li><a href=\"https:\/\/www.chantovent.com\/en\/brands-and-signatures\/les-contemporains\/cinsault\/\">Les Contemporains Cinsault<\/a><\/li>\n<li><a href=\"https:\/\/www.chantovent.com\/en\/brands-and-signatures\/les-contemporains\/merlot\/\">Les Contemporains Merlot<\/a><\/li>\n<li><a href=\"https:\/\/www.chantovent.com\/en\/brands-and-signatures\/les-contemporains\/sauvignon\/\">Les Contemporains Sauvignon<\/a><\/li>\n<li><a href=\"https:\/\/www.chantovent.com\/en\/brands-and-signatures\/les-contemporains\/syrah\/\">Les Contemporains Syrah<\/a><\/li>\n<\/ul>\n<li><a href=\"https:\/\/www.chantovent.com\/en\/brands-and-signatures\/bistro-signature\/\">\u2022 Bistro Signature<\/a><\/li>\n<ul class=\"sous-menu-3\">\n<li><a href=\"https:\/\/www.chantovent.com\/en\/brands-and-signatures\/bistro-signature\/sauvignon-blanc\/\">Sauvignon White<\/a><\/li>\n<li><a href=\"https:\/\/www.chantovent.com\/en\/brands-and-signatures\/bistro-signature\/rose\/\">Ros\u00e9<\/a><\/li>\n<li><a href=\"https:\/\/www.chantovent.com\/en\/brands-and-signatures\/bistro-signature\/red-blend\/\">Red Blend<\/a><\/li>\n<\/ul>\n<li><a href=\"https:\/\/www.chantovent.com\/en\/brands-and-signatures\/jean-dalibert-aoc-languedoc\/\">\u2022 Jean d&#8217;Alibert &#8211; AOC Languedoc<\/a><\/li>\n<ul class=\"sous-menu-3\">\n<li><a href=\"https:\/\/www.chantovent.com\/en\/brands-and-signatures\/jean-dalibert-aoc-languedoc\/languedoc-red\/\">Jean d&#8217;Alibert Languedoc Red<\/a><\/li>\n<li><a href=\"https:\/\/www.chantovent.com\/en\/brands-and-signatures\/jean-dalibert-aoc-languedoc\/languedoc-rose\/\">Jean d&#8217;Alibert Languedoc Ros\u00e9<\/a><\/li>\n<li><a href=\"https:\/\/www.chantovent.com\/en\/brands-and-signatures\/jean-dalibert-aoc-languedoc\/languedoc-white\/\">Jean d&#8217;Alibert Languedoc White<\/a><\/li>\n<\/ul>\n<\/ul><\/div>\n<div class=\"bloc-2\">\n<ul class=\"menu-1\">\n<ul class=\"sous-menu-2\">\n<li><a href=\"https:\/\/www.chantovent.com\/en\/brands-and-signatures\/jean-dalibert-aoc-minervois-et-aoc-minervois-la-liviniere\/\">\u2022 Jean d&#8217;Alibert &#8211; AOC Minervois <br \/>&#038; AOC Minervois la Livini\u00e8re<\/a><\/li>\n<ul class=\"sous-menu-3\">\n<li><a href=\"https:\/\/www.chantovent.com\/en\/brands-and-signatures\/jean-dalibert-aoc-minervois-et-aoc-minervois-la-liviniere\/minervois-red\/\">Jean d&#8217;Alibert Minervois Red<\/a><\/li>\n<li><a href=\"https:\/\/www.chantovent.com\/en\/brands-and-signatures\/jean-dalibert-aoc-minervois-et-aoc-minervois-la-liviniere\/minervois-rose\/\">Jean d&#8217;Alibert Minervois Ros\u00e9<\/a><\/li>\n<li><a href=\"https:\/\/www.chantovent.com\/en\/brands-and-signatures\/jean-dalibert-aoc-minervois-et-aoc-minervois-la-liviniere\/minervois-white\/\">Jean d&#8217;Alibert Minervois White<\/a><\/li>\n<li><a href=\"https:\/\/www.chantovent.com\/en\/brands-and-signatures\/jean-dalibert-aoc-minervois-et-aoc-minervois-la-liviniere\/minervois-la-liviniere\/\">Jean d&#8217;Alibert Minervois La Livini\u00e8re<\/a><\/li>\n<li><a href=\"https:\/\/www.chantovent.com\/en\/brands-and-signatures\/jean-dalibert-aoc-minervois-aoc-minervois-la-liviniere\/minervois-bio\/\">J.A by Jean d&#8217;Alibert Nature<\/a><\/li>\n<\/ul>\n<li><a href=\"https:\/\/www.chantovent.com\/en\/brands-and-signatures\/jean-dalibert-pays-doc-igp\/\">\u2022 Jean d&#8217;Alibert &#8211; Pays d&#8217;Oc IGP<\/a><\/li>\n<ul class=\"sous-menu-3\">\n<li><a href=\"https:\/\/www.chantovent.com\/en\/brands-and-signatures\/jean-dalibert-pays-doc-igp\/la-forge-gris\/\">Jean d&#8217;Alibert Gris La Forge<\/a><\/li>\n<li><a href=\"https:\/\/www.chantovent.com\/en\/brands-and-signatures\/jean-dalibert-pays-doc-igp\/domaine-de-jouarres\/\">Jean d&#8217;Alibert Merlot Domaine de Jouarres<\/a><\/li>\n<li><a href=\"https:\/\/www.chantovent.com\/en\/brands-and-signatures\/jean-dalibert-pays-doc-igp\/chambert-chardonnay\/\">Jean d&#8217;Alibert Chardonnay Chambert<\/a><\/li>\n<li><a href=\"https:\/\/www.chantovent.com\/en\/brands-and-signatures\/jean-dalibert-pays-doc-igp\/les-fees-sauvignon\/\">Jean d&#8217;Alibert Sauvignon Les F\u00e9es<\/a><\/li>\n<li><a href=\"https:\/\/www.chantovent.com\/en\/brands-and-signatures\/jean-dalibert-pays-doc-igp\/les-fees-cabernet-sauvignon\/\">Jean d&#8217;Alibert Cabernet Sauvignon Les F\u00e9es<\/a><\/li>\n<\/ul>\n<li><a href=\"https:\/\/www.chantovent.com\/en\/brands-and-signatures\/jean-dalibert-prestige-pays-doc-igp\/\">\u2022 Jean d&#8217;Alibert Prestige &#8211; Pays d&#8217;Oc IGP<\/a><\/li>\n<ul class=\"sous-menu-3\">\n<li><a href=\"https:\/\/www.chantovent.com\/en\/brands-and-signatures\/jean-dalibert-prestige-pays-doc-igp\/merlot\/\">Jean d&#8217;Alibert Prestige Merlot<\/a><\/li>\n<li><a href=\"https:\/\/www.chantovent.com\/en\/brands-and-signatures\/jean-dalibert-prestige-pays-doc-igp\/cinsault-rose\/\">Jean d&#8217;Alibert Prestige Cinsault Ros\u00e9<\/a><\/li>\n<li><a href=\"https:\/\/www.chantovent.com\/en\/brands-and-signatures\/jean-dalibert-prestige-pays-doc-igp\/sauvignon\/\">Jean d&#8217;Alibert Prestige Sauvignon<\/a><\/li>\n<li><a href=\"https:\/\/www.chantovent.com\/en\/brands-and-signatures\/jean-dalibert-prestige-pays-doc-igp\/cabernet-merlot\/\">Jean d&#8217;Alibert Prestige Cabernet-Merlot<\/a><\/li>\n<li><a href=\"https:\/\/www.chantovent.com\/en\/brands-and-signatures\/jean-dalibert-prestige-pays-doc-igp\/chardonnay-viognier\/\">Jean d&#8217;Alibert Prestige Chardonnay-Viognier<\/a><\/li>\n<\/ul>\n<li><a href=\"https:\/\/www.chantovent.com\/en\/brands-and-signatures\/aoc-minervois\/\">\u2022 AOC Minervois<\/a><\/li>\n<ul class=\"sous-menu-3\">\n<li><a href=\"https:\/\/www.chantovent.com\/en\/brands-and-signatures\/aoc-minervois\/arnaud\/\">Arnaud<\/a><\/li>\n<li><a href=\"https:\/\/www.chantovent.com\/en\/brands-and-signatures\/aoc-minervois\/pech-viel-cuvee-jugie-vieilles-vignes\/\">Pech Viel<\/a><\/li>\n<li><a href=\"https:\/\/www.chantovent.com\/en\/brands-and-signatures\/aoc-minervois\/vieux-a\/\">Vieux A<\/a><\/li>\n<li><a href=\"https:\/\/www.chantovent.com\/en\/brands-and-signatures\/aoc-minervois\/madame-chante-au-vent\/\">Madame Chante au Vent<\/a><\/li>\n<\/ul>\n<li><a href=\"https:\/\/www.chantovent.com\/en\/brands-and-signatures\/pays-doc-igp\/\">\u2022 Pays d&#8217;Oc IGP<\/a><\/li>\n<ul class=\"sous-menu-3\">\n<li><a href=\"https:\/\/www.chantovent.com\/en\/brands-and-signatures\/pays-doc-igp\/baron-darban\/\">Baron d&#8217;Arban<\/a><\/li>\n<li><a href=\"https:\/\/www.chantovent.com\/en\/brands-and-signatures\/pays-doc-igp\/bistro-marquisat\/\">Bistro Marquisat<\/a><\/li>\n<li><a href=\"https:\/\/www.chantovent.com\/en\/brands-and-signatures\/pays-doc-igp\/embasties\/\">Embasties<\/a><\/li>\n<li><a href=\"https:\/\/www.chantovent.com\/en\/brands-and-signatures\/pays-doc-igp\/le-bleu\/\">Le Bleu<\/a><\/li>\n<\/ul>\n<li><a href=\"https:\/\/www.chantovent.com\/en\/brands-and-signatures\/coteaux-de-peyriac-igp\/\">\u2022 Coteaux de Peyriac IGP<\/a><\/li>\n<ul class=\"sous-menu-3\">\n<li><a href=\"https:\/\/www.chantovent.com\/en\/brands-and-signatures\/coteaux-de-peyriac-igp\/bistro-marquisat-red\/\">Bistro Marquisat Red<\/a><\/li>\n<li><a href=\"https:\/\/www.chantovent.com\/en\/brands-and-signatures\/coteaux-de-peyriac-igp\/bistro-marquisat-rose\/\">Bistro Marquisat Ros\u00e9<\/a><\/li>\n<li><a href=\"https:\/\/www.chantovent.com\/en\/brands-and-signatures\/coteaux-de-peyriac-igp\/bistro-marquisat-white\/\">Bistro Marquisat White<\/a><\/li>\n<li><a href=\"https:\/\/www.chantovent.com\/en\/brands-and-signatures\/coteaux-de-peyriac-igp\/linstant\/\">L&#8217;Instant<\/a><\/li>\n<li><a href=\"https:\/\/www.chantovent.com\/en\/brands-and-signatures\/coteaux-de-peyriac-igp\/cuvee-sainte-baudile-white\/\">Cuv\u00e9e Sainte Baudile White<\/a><\/li>\n<li><a href=\"https:\/\/www.chantovent.com\/en\/brands-and-signatures\/coteaux-de-peyriac-igp\/cuvee-sainte-baudile-red\/\">Cuv\u00e9e Sainte Baudile Red<\/a><\/li>\n<li><a href=\"https:\/\/www.chantovent.com\/en\/brands-and-signatures\/coteaux-de-peyriac-igp\/cuvee-sainte-baudile-rose\/\">Cuv\u00e9e Sainte Baudile Ros\u00e9<\/a><\/li>\n<\/ul>\n<\/ul><\/div>\n<div class=\"bloc-3\">\n<ul class=\"menu-1\">\n<ul class=\"sous-menu-2\">\n<li><a href=\"https:\/\/www.chantovent.com\/en\/brands-and-signatures\/la-payse\/\">\u2022 La Payse<\/a><\/li>\n<ul class=\"sous-menu-3\">\n<li><a href=\"https:\/\/www.chantovent.com\/en\/brands-and-signatures\/la-payse\/la-payse-rose\/\">La Payse Ros\u00e9<\/a><\/li>\n<li><a href=\"https:\/\/www.chantovent.com\/en\/brands-and-signatures\/la-payse\/la-payse-red\/\">La Payse Red<\/a><\/li>\n<\/ul>\n<\/ul>\n<li><a href=\"https:\/\/www.chantovent.com\/en\/estates-and-chateaux\/\">Estates &#038; Ch\u00e2teaux<\/a><\/li>\n<ul class=\"sous-menu-2\">\n<li><a href=\"https:\/\/www.chantovent.com\/en\/estates-and-chateaux\/selection-of-michel-and-philippe-agnel\/\">\u2022 Selection of Michel &#038; Philippe Agnel<\/a><\/li>\n<ul class=\"sous-menu-3\">\n<li><a href=\"https:\/\/www.chantovent.com\/en\/estates-and-chateaux\/selection-of-michel-and-philippe-agnel\/chateau-riviere-rose\/\">Ch\u00e2teau Rivi\u00e8re Ros\u00e9<\/a><\/li>\n<li><a href=\"https:\/\/www.chantovent.com\/en\/estates-and-chateaux\/selection-of-michel-and-philippe-agnel\/chateau-riviere-en-minervois\/\">Ch\u00e2teau Rivi\u00e8re en Minervois<\/a><\/li>\n<li><a href=\"https:\/\/www.chantovent.com\/en\/estates-and-chateaux\/selection-of-michel-and-philippe-agnel\/chateau-riviere-castillon\/\">Ch\u00e2teau Rivi\u00e8re Castillon<\/a><\/li>\n<li><a href=\"https:\/\/www.chantovent.com\/en\/estates-and-chateaux\/selection-of-michel-and-philippe-agnel\/chateau-riviere-cuvee-prestige\/\">Ch\u00e2teau Rivi\u00e8re Cuv\u00e9e Prestige<\/a><\/li>\n<li><a href=\"https:\/\/www.chantovent.com\/en\/estates-and-chateaux\/selection-of-michel-and-philippe-agnel\/chateau-agnel-castillon\/\">Ch\u00e2teau Agnel Castillon<\/a><\/li>\n<li><a href=\"https:\/\/www.chantovent.com\/en\/estates-and-chateaux\/selection-of-michel-and-philippe-agnel\/a-chateau-agnel-les-carmes\/\">A Ch\u00e2teau Agnel Les Carmes<\/a><\/li>\n<\/ul>\n<li><a href=\"https:\/\/www.chantovent.com\/en\/estates-and-chateaux\/chateaux-aoc-minervois-la-liviniere\/\">\u2022 Ch\u00e2teaux &#8211; AOC Minervois La Livini\u00e8re<\/a><\/li>\n<ul class=\"sous-menu-3\">\n<li><a href=\"https:\/\/www.chantovent.com\/en\/estates-and-chateaux\/chateaux-aoc-minervois-la-liviniere\/chateau-felines\/\">Ch\u00e2teau F\u00e9lines<\/a><\/li>\n<\/ul>\n<li><a href=\"https:\/\/www.chantovent.com\/en\/estates-and-chateaux\/estates-and-chateaux-aoc-minervois\/\">\u2022 Estates &#038; Ch\u00e2teaux &#8211; AOC Minervois<\/a><\/li>\n<ul class=\"sous-menu-3\">\n<li><a href=\"https:\/\/www.chantovent.com\/en\/estates-and-chateaux\/estates-and-chateaux-aoc-minervois\/domaine-de-lestagnol-rose\/\">Domaine de l&#8217;Estagnol Ros\u00e9<\/a><\/li>\n<li><a href=\"https:\/\/www.chantovent.com\/en\/estates-and-chateaux\/estates-and-chateaux-aoc-minervois\/domaine-de-lestagnol-red\/\">Domaine de l&#8217;Estagnol Red<\/a><\/li>\n<li><a href=\"https:\/\/www.chantovent.com\/en\/estates-and-chateaux\/estates-and-chateaux-aoc-minervois\/domaine-la-cassagne\/\">Domaine La Cassagne<\/a><\/li>\n<li><a href=\"https:\/\/www.chantovent.com\/en\/estates-and-chateaux\/estates-and-chateaux-aoc-minervois\/chateau-dhautpoul\/\">Ch\u00e2teau Hautpoul<\/a><\/li>\n<li><a href=\"https:\/\/www.chantovent.com\/en\/estates-and-chateaux\/estates-and-chateaux-aoc-minervois\/domaine-des-glycines\/\">Les Glycines<\/a><\/li>\n<li><a href=\"https:\/\/www.chantovent.com\/en\/estates-and-chateaux\/estates-and-chateaux-aoc-minervois\/domaine-saint-augustin\/\">Domaine Saint-Augustin<\/a><\/li>\n<\/ul>\n<li><a href=\"https:\/\/www.chantovent.com\/en\/estates-and-chateaux\/selection-of-raymond-julien\/\">\u2022 Selection of Raymond Julien<\/a><\/li>\n<ul class=\"sous-menu-3\">\n<li><a href=\"https:\/\/www.chantovent.com\/en\/estates-and-chateaux\/selection-of-raymond-julien\/chateau-mirausse-cuvee-originale\/\">Ch\u00e2teau Mirausse<\/a><\/li>\n<li><a href=\"https:\/\/www.chantovent.com\/en\/estates-and-chateaux\/selection-of-raymond-julien\/chateau-mirausse-cuvee-la-paissiere\/\">Ch\u00e2teau Mirausse La Paissi\u00e8re<\/a><\/li>\n<\/ul>\n<li><a href=\"https:\/\/www.chantovent.com\/en\/estates-and-chateaux\/estates-coteaux-de-peyriac-et-pays-doc-igp\/\">\u2022 Estates &#8211;  Coteaux de Peyriac &#038; Pays d&#8217;Oc IGP<\/a><\/li>\n<ul class=\"sous-menu-3\">\n<li><a href=\"https:\/\/www.chantovent.com\/en\/estates-and-chateaux\/estates-coteaux-de-peyriac-et-pays-doc-igp\/le-prieure-de-la-madeleine-red\/\">Prieur\u00e9 de la Madeleine Red<\/a><\/li>\n<li><a href=\"https:\/\/www.chantovent.com\/en\/estates-and-chateaux\/estates-coteaux-de-peyriac-et-pays-doc-igp\/le-prieure-de-la-madeleine-rose\/\">Prieur\u00e9 de la Madeleine Ros\u00e9<\/a><\/li>\n<li><a href=\"https:\/\/www.chantovent.com\/en\/estates-and-chateaux\/estates-coteaux-de-peyriac-et-pays-doc-igp\/domaine-de-sainte-marie\/\">Domaine de Sainte-Marie<\/a><\/li>\n<\/ul>\n<\/ul>\n<li><a href=\"https:\/\/www.chantovent.com\/actualites\/\">Actualit\u00e9s<\/a><\/li>\n<li><a href=\"https:\/\/www.chantovent.com\/en\/how-to-find-us\/\">How to find us?<\/a><\/li>\n<li><a href=\"https:\/\/www.chantovent.com\/en\/contact\/\">Contact<\/a><\/li>\n<\/ul><\/div>\n<\/div>\n","protected":false},"excerpt":{"rendered":"<p>Presentation History Map Who are we? Chantovent The Group Jean d&#8217;Alibert Capacity The site of Chantovent The site of Celliers Jean d&#8217;Alibert Quality Assurance Brands &#038; Signatures \u2022 Chantarel Chantarel Sauvignon Chantarel Cabernet Sauvignon Chantarel Merlot Chantarel Cinsault Ros\u00e9 Chantarel Chardonnay \u2022 Les Contemporains Les Contemporains Cabernet Sauvignon Les Contemporains Chardonnay Les Contemporains Cinsault Les [&hellip;]<\/p>\n","protected":false},"author":1,"featured_media":0,"parent":0,"menu_order":0,"comment_status":"closed","ping_status":"closed","template":"template-fullwidth.php","meta":{"_acf_changed":false,"_monsterinsights_skip_tracking":false,"_monsterinsights_sitenote_active":false,"_monsterinsights_sitenote_note":"","_monsterinsights_sitenote_category":0,"footnotes":""},"class_list":["post-2725","page","type-page","status-publish","hentry"],"acf":[],"yoast_head":"<!-- This site is optimized with the Yoast SEO plugin v27.2 - https:\/\/yoast.com\/product\/yoast-seo-wordpress\/ -->\n<title>Sitemap - chantovent<\/title>\n<meta name=\"robots\" content=\"index, follow, max-snippet:-1, max-image-preview:large, max-video-preview:-1\" \/>\n<link rel=\"canonical\" href=\"https:\/\/www.chantovent.com\/en\/sitemap\/\" \/>\n<meta property=\"og:locale\" content=\"en_US\" \/>\n<meta property=\"og:type\" content=\"article\" \/>\n<meta property=\"og:title\" content=\"Sitemap - chantovent\" \/>\n<meta property=\"og:description\" content=\"Presentation History Map Who are we? Chantovent The Group Jean d&#8217;Alibert Capacity The site of Chantovent The site of Celliers Jean d&#8217;Alibert Quality Assurance Brands &#038; Signatures \u2022 Chantarel Chantarel Sauvignon Chantarel Cabernet Sauvignon Chantarel Merlot Chantarel Cinsault Ros\u00e9 Chantarel Chardonnay \u2022 Les Contemporains Les Contemporains Cabernet Sauvignon Les Contemporains Chardonnay Les Contemporains Cinsault Les [&hellip;]\" \/>\n<meta property=\"og:url\" content=\"https:\/\/www.chantovent.com\/en\/sitemap\/\" \/>\n<meta property=\"og:site_name\" content=\"chantovent\" \/>\n<meta property=\"article:publisher\" content=\"https:\/\/www.facebook.com\/Chantovent\/\" \/>\n<meta property=\"article:modified_time\" content=\"2017-09-22T06:50:53+00:00\" \/>\n<meta name=\"twitter:card\" content=\"summary_large_image\" \/>\n<meta name=\"twitter:site\" content=\"@chantoventwines\" \/>\n<meta name=\"twitter:label1\" content=\"Est. reading time\" \/>\n\t<meta name=\"twitter:data1\" content=\"2 minutes\" \/>\n<script type=\"application\/ld+json\" class=\"yoast-schema-graph\">{\"@context\":\"https:\/\/schema.org\",\"@graph\":[{\"@type\":\"WebPage\",\"@id\":\"https:\/\/www.chantovent.com\/en\/sitemap\/\",\"url\":\"https:\/\/www.chantovent.com\/en\/sitemap\/\",\"name\":\"Sitemap - chantovent\",\"isPartOf\":{\"@id\":\"https:\/\/www.chantovent.com\/#website\"},\"datePublished\":\"2016-11-24T11:52:47+00:00\",\"dateModified\":\"2017-09-22T06:50:53+00:00\",\"breadcrumb\":{\"@id\":\"https:\/\/www.chantovent.com\/en\/sitemap\/#breadcrumb\"},\"inLanguage\":\"en-US\",\"potentialAction\":[{\"@type\":\"ReadAction\",\"target\":[\"https:\/\/www.chantovent.com\/en\/sitemap\/\"]}]},{\"@type\":\"BreadcrumbList\",\"@id\":\"https:\/\/www.chantovent.com\/en\/sitemap\/#breadcrumb\",\"itemListElement\":[{\"@type\":\"ListItem\",\"position\":1,\"name\":\"Accueil\",\"item\":\"https:\/\/www.chantovent.com\/en\/\"},{\"@type\":\"ListItem\",\"position\":2,\"name\":\"Sitemap\"}]},{\"@type\":\"WebSite\",\"@id\":\"https:\/\/www.chantovent.com\/#website\",\"url\":\"https:\/\/www.chantovent.com\/\",\"name\":\"chantovent\",\"description\":\"Wines of Languedoc\",\"publisher\":{\"@id\":\"https:\/\/www.chantovent.com\/#organization\"},\"potentialAction\":[{\"@type\":\"SearchAction\",\"target\":{\"@type\":\"EntryPoint\",\"urlTemplate\":\"https:\/\/www.chantovent.com\/?s={search_term_string}\"},\"query-input\":{\"@type\":\"PropertyValueSpecification\",\"valueRequired\":true,\"valueName\":\"search_term_string\"}}],\"inLanguage\":\"en-US\"},{\"@type\":\"Organization\",\"@id\":\"https:\/\/www.chantovent.com\/#organization\",\"name\":\"Chantovent\",\"url\":\"https:\/\/www.chantovent.com\/\",\"logo\":{\"@type\":\"ImageObject\",\"inLanguage\":\"en-US\",\"@id\":\"https:\/\/www.chantovent.com\/#\/schema\/logo\/image\/\",\"url\":\"https:\/\/www.chantovent.com\/wp-content\/uploads\/2017\/01\/logo-chantovent.png\",\"contentUrl\":\"https:\/\/www.chantovent.com\/wp-content\/uploads\/2017\/01\/logo-chantovent.png\",\"width\":380,\"height\":199,\"caption\":\"Chantovent\"},\"image\":{\"@id\":\"https:\/\/www.chantovent.com\/#\/schema\/logo\/image\/\"},\"sameAs\":[\"https:\/\/www.facebook.com\/Chantovent\/\",\"https:\/\/x.com\/chantoventwines\",\"https:\/\/www.instagram.com\/chantovent\/\",\"https:\/\/fr.linkedin.com\/in\/chantovent-groupe-jean-d-alibert-19aba539\/\"]}]}<\/script>\n<!-- \/ Yoast SEO plugin. -->","yoast_head_json":{"title":"Sitemap - chantovent","robots":{"index":"index","follow":"follow","max-snippet":"max-snippet:-1","max-image-preview":"max-image-preview:large","max-video-preview":"max-video-preview:-1"},"canonical":"https:\/\/www.chantovent.com\/en\/sitemap\/","og_locale":"en_US","og_type":"article","og_title":"Sitemap - chantovent","og_description":"Presentation History Map Who are we? Chantovent The Group Jean d&#8217;Alibert Capacity The site of Chantovent The site of Celliers Jean d&#8217;Alibert Quality Assurance Brands &#038; Signatures \u2022 Chantarel Chantarel Sauvignon Chantarel Cabernet Sauvignon Chantarel Merlot Chantarel Cinsault Ros\u00e9 Chantarel Chardonnay \u2022 Les Contemporains Les Contemporains Cabernet Sauvignon Les Contemporains Chardonnay Les Contemporains Cinsault Les [&hellip;]","og_url":"https:\/\/www.chantovent.com\/en\/sitemap\/","og_site_name":"chantovent","article_publisher":"https:\/\/www.facebook.com\/Chantovent\/","article_modified_time":"2017-09-22T06:50:53+00:00","twitter_card":"summary_large_image","twitter_site":"@chantoventwines","twitter_misc":{"Est. reading time":"2 minutes"},"schema":{"@context":"https:\/\/schema.org","@graph":[{"@type":"WebPage","@id":"https:\/\/www.chantovent.com\/en\/sitemap\/","url":"https:\/\/www.chantovent.com\/en\/sitemap\/","name":"Sitemap - chantovent","isPartOf":{"@id":"https:\/\/www.chantovent.com\/#website"},"datePublished":"2016-11-24T11:52:47+00:00","dateModified":"2017-09-22T06:50:53+00:00","breadcrumb":{"@id":"https:\/\/www.chantovent.com\/en\/sitemap\/#breadcrumb"},"inLanguage":"en-US","potentialAction":[{"@type":"ReadAction","target":["https:\/\/www.chantovent.com\/en\/sitemap\/"]}]},{"@type":"BreadcrumbList","@id":"https:\/\/www.chantovent.com\/en\/sitemap\/#breadcrumb","itemListElement":[{"@type":"ListItem","position":1,"name":"Accueil","item":"https:\/\/www.chantovent.com\/en\/"},{"@type":"ListItem","position":2,"name":"Sitemap"}]},{"@type":"WebSite","@id":"https:\/\/www.chantovent.com\/#website","url":"https:\/\/www.chantovent.com\/","name":"chantovent","description":"Wines of Languedoc","publisher":{"@id":"https:\/\/www.chantovent.com\/#organization"},"potentialAction":[{"@type":"SearchAction","target":{"@type":"EntryPoint","urlTemplate":"https:\/\/www.chantovent.com\/?s={search_term_string}"},"query-input":{"@type":"PropertyValueSpecification","valueRequired":true,"valueName":"search_term_string"}}],"inLanguage":"en-US"},{"@type":"Organization","@id":"https:\/\/www.chantovent.com\/#organization","name":"Chantovent","url":"https:\/\/www.chantovent.com\/","logo":{"@type":"ImageObject","inLanguage":"en-US","@id":"https:\/\/www.chantovent.com\/#\/schema\/logo\/image\/","url":"https:\/\/www.chantovent.com\/wp-content\/uploads\/2017\/01\/logo-chantovent.png","contentUrl":"https:\/\/www.chantovent.com\/wp-content\/uploads\/2017\/01\/logo-chantovent.png","width":380,"height":199,"caption":"Chantovent"},"image":{"@id":"https:\/\/www.chantovent.com\/#\/schema\/logo\/image\/"},"sameAs":["https:\/\/www.facebook.com\/Chantovent\/","https:\/\/x.com\/chantoventwines","https:\/\/www.instagram.com\/chantovent\/","https:\/\/fr.linkedin.com\/in\/chantovent-groupe-jean-d-alibert-19aba539\/"]}]}},"_links":{"self":[{"href":"https:\/\/www.chantovent.com\/en\/wp-json\/wp\/v2\/pages\/2725","targetHints":{"allow":["GET"]}}],"collection":[{"href":"https:\/\/www.chantovent.com\/en\/wp-json\/wp\/v2\/pages"}],"about":[{"href":"https:\/\/www.chantovent.com\/en\/wp-json\/wp\/v2\/types\/page"}],"author":[{"embeddable":true,"href":"https:\/\/www.chantovent.com\/en\/wp-json\/wp\/v2\/users\/1"}],"replies":[{"embeddable":true,"href":"https:\/\/www.chantovent.com\/en\/wp-json\/wp\/v2\/comments?post=2725"}],"version-history":[{"count":8,"href":"https:\/\/www.chantovent.com\/en\/wp-json\/wp\/v2\/pages\/2725\/revisions"}],"predecessor-version":[{"id":4301,"href":"https:\/\/www.chantovent.com\/en\/wp-json\/wp\/v2\/pages\/2725\/revisions\/4301"}],"wp:attachment":[{"href":"https:\/\/www.chantovent.com\/en\/wp-json\/wp\/v2\/media?parent=2725"}],"curies":[{"name":"wp","href":"https:\/\/api.w.org\/{rel}","templated":true}]}}